{"id":18202,"date":"2022-10-03T12:38:35","date_gmt":"2022-10-03T12:38:35","guid":{"rendered":"https:\/\/monsarazpadelclub.pt\/?page_id=18202"},"modified":"2024-01-21T16:26:08","modified_gmt":"2024-01-21T16:26:08","slug":"membership","status":"publish","type":"page","link":"https:\/\/monsarazpadelclub.pt\/en\/membership\/","title":{"rendered":"Membership"},"content":{"rendered":"<div data-elementor-type=\"wp-page\" data-elementor-id=\"18202\" class=\"elementor elementor-18202\">\n\t\t\t\t\t\t\t\t\t<section class=\"elementor-section elementor-top-section elementor-element elementor-element-0ef9cc5 elementor-section-boxed elementor-section-height-default elementor-section-height-default sc_fly_static\" data-id=\"0ef9cc5\" data-element_type=\"section\">\n\t\t\t\t\t\t<div class=\"elementor-container elementor-column-gap-extended\">\n\t\t\t\t\t<div class=\"elementor-column elementor-col-100 elementor-top-column elementor-element elementor-element-9caac41 sc_inner_width_none sc_content_align_inherit sc_layouts_column_icons_position_left sc_fly_static\" data-id=\"9caac41\" data-element_type=\"column\">\n\t\t\t<div class=\"elementor-widget-wrap elementor-element-populated\">\n\t\t\t\t\t\t\t\t<div class=\"elementor-element elementor-element-c653c0a sc_height_huge sc_fly_static elementor-widget elementor-widget-spacer\" data-id=\"c653c0a\" data-element_type=\"widget\" data-widget_type=\"spacer.default\">\n\t\t\t\t<div class=\"elementor-widget-container\">\n\t\t\t\t\t<div class=\"elementor-spacer\">\n\t\t\t<div class=\"elementor-spacer-inner\"><\/div>\n\t\t<\/div>\n\t\t\t\t<\/div>\n\t\t\t\t<\/div>\n\t\t\t\t<section class=\"elementor-section elementor-inner-section elementor-element elementor-element-2998bda elementor-section-boxed elementor-section-height-default elementor-section-height-default sc_fly_static\" data-id=\"2998bda\" data-element_type=\"section\">\n\t\t\t\t\t\t<div class=\"elementor-container elementor-column-gap-no\">\n\t\t\t\t\t<div class=\"elementor-column elementor-col-50 elementor-inner-column elementor-element elementor-element-99a5b69 sc_inner_width_none sc_content_align_inherit sc_layouts_column_icons_position_left sc_fly_static\" data-id=\"99a5b69\" data-element_type=\"column\">\n\t\t\t<div class=\"elementor-widget-wrap elementor-element-populated\">\n\t\t\t\t\t\t\t\t<div class=\"elementor-element elementor-element-2456da1 sc_fly_static elementor-widget elementor-widget-trx_sc_title\" data-id=\"2456da1\" data-element_type=\"widget\" data-widget_type=\"trx_sc_title.default\">\n\t\t\t\t<div class=\"elementor-widget-container\">\n\t\t\t<div\t\tclass=\"sc_title sc_title_default\" ><span class=\"sc_item_subtitle sc_title_subtitle sc_item_subtitle_above sc_item_title_style_default\">DESCUBRA <\/span><h1 class=\"sc_item_title sc_title_title sc_item_title_style_default sc_item_title_tag trx_addons_inline_72967026\"\n\t\t\t><span class=\"sc_item_title_text\">AS VANTAGENS DE SER NOSSO S\u00d3CIO<\/span><\/h1><div class=\"sc_item_descr sc_title_descr\"><p>Descubra o privil\u00e9gio de se tornar membro do Monsaraz Padel Club! Beneficie de vantagens exclusivas, como descontos em reservas, acesso priorit\u00e1rio a eventos especiais e uma comunidade vibrante de entusiastas do padel. Junte-se a n\u00f3s para uma experi\u00eancia \u00fanica no mundo do desporto e lazer.<\/p>\n<\/div><\/div>\t\t<\/div>\n\t\t\t\t<\/div>\n\t\t\t\t\t<\/div>\n\t\t<\/div>\n\t\t\t\t<div class=\"elementor-column elementor-col-50 elementor-inner-column elementor-element elementor-element-5322d7d sc_inner_width_none sc_content_align_inherit sc_layouts_column_icons_position_left sc_fly_static\" data-id=\"5322d7d\" data-element_type=\"column\">\n\t\t\t<div class=\"elementor-widget-wrap elementor-element-populated\">\n\t\t\t\t\t\t\t\t<div class=\"elementor-element elementor-element-eb28d8a sc_fly_static elementor-widget elementor-widget-spacer\" data-id=\"eb28d8a\" data-element_type=\"widget\" data-widget_type=\"spacer.default\">\n\t\t\t\t<div class=\"elementor-widget-container\">\n\t\t\t\t\t<div class=\"elementor-spacer\">\n\t\t\t<div class=\"elementor-spacer-inner\"><\/div>\n\t\t<\/div>\n\t\t\t\t<\/div>\n\t\t\t\t<\/div>\n\t\t\t\t<div class=\"elementor-element elementor-element-a7f3ea3 sc_fly_static elementor-widget elementor-widget-trx_sc_icons\" data-id=\"a7f3ea3\" data-element_type=\"widget\" data-widget_type=\"trx_sc_icons.default\">\n\t\t\t\t<div class=\"elementor-widget-container\">\n\t\t\t<div \tclass=\"sc_icons color_style_link2 sc_icons_light sc_icons_size_large sc_align_none\" ><div class=\"sc_icons_columns_wrap sc_item_columns trx_addons_columns_wrap columns_padding_bottom columns_in_single_row\" ><div class=\"trx_addons_column-1_2 trx_addons_column-1_2-mobile\"><div class=\"sc_icons_item\"><div class=\"sc_icons_icon sc_icon_type_ icon-r-tennis-racket\" style=\"color: #366893\" ><span class=\"sc_icon_type_ icon-r-tennis-racket\" style=\"color: #366893\"><\/span><\/div><div class=\"sc_icons_item_details\"><h4 class=\"sc_icons_item_title\"><span>Forma\u00e7\u00e3o<\/span><\/h4><div class=\"sc_icons_item_description\"><span>Melhore a sua t\u00e9cnica com os nossos formadores.<\/span><\/div><\/div><\/div><\/div><div class=\"trx_addons_column-1_2 trx_addons_column-1_2-mobile\"><div class=\"sc_icons_item\"><div class=\"sc_icons_icon sc_icon_type_ icon-r-calendar\" style=\"color: #366893\" ><span class=\"sc_icon_type_ icon-r-calendar\" style=\"color: #366893\"><\/span><\/div><div class=\"sc_icons_item_details\"><h4 class=\"sc_icons_item_title\"><span>Reservas flex\u00edveis<\/span><\/h4><div class=\"sc_icons_item_description\"><span>Reserve facilmente os eu campo atrav\u00e9s da app Tie Player<\/span><\/div><\/div><\/div><\/div><\/div><\/div><!-- \/.sc_icons -->\t\t<\/div>\n\t\t\t\t<\/div>\n\t\t\t\t\t<\/div>\n\t\t<\/div>\n\t\t\t\t\t\t\t<\/div>\n\t\t<\/section>\n\t\t\t\t<div class=\"elementor-element elementor-element-44d8313 sc_height_huge sc_fly_static elementor-widget elementor-widget-spacer\" data-id=\"44d8313\" data-element_type=\"widget\" data-widget_type=\"spacer.default\">\n\t\t\t\t<div class=\"elementor-widget-container\">\n\t\t\t\t\t<div class=\"elementor-spacer\">\n\t\t\t<div class=\"elementor-spacer-inner\"><\/div>\n\t\t<\/div>\n\t\t\t\t<\/div>\n\t\t\t\t<\/div>\n\t\t\t\t\t<\/div>\n\t\t<\/div>\n\t\t\t\t\t\t\t<\/div>\n\t\t<\/section>\n\t\t\t\t<section class=\"elementor-section elementor-top-section elementor-element elementor-element-c85d17e elementor-section-boxed elementor-section-height-default elementor-section-height-default sc_fly_static\" data-id=\"c85d17e\" data-element_type=\"section\">\n\t\t\t\t\t\t<div class=\"elementor-container elementor-column-gap-extended\">\n\t\t\t\t\t<div class=\"elementor-column elementor-col-100 elementor-top-column elementor-element elementor-element-c3f9b2f sc_inner_width_none sc_content_align_inherit sc_layouts_column_icons_position_left sc_fly_static\" data-id=\"c3f9b2f\" data-element_type=\"column\">\n\t\t\t<div class=\"elementor-widget-wrap elementor-element-populated\">\n\t\t\t\t\t\t\t\t<div class=\"elementor-element elementor-element-8821f49 sc_fly_static elementor-widget elementor-widget-trx_sc_icons\" data-id=\"8821f49\" data-element_type=\"widget\" data-widget_type=\"trx_sc_icons.default\">\n\t\t\t\t<div class=\"elementor-widget-container\">\n\t\t\t<div \tclass=\"sc_icons color_style_link2 sc_icons_light sc_icons_size_large sc_align_none\" ><div class=\"sc_icons_columns_wrap sc_item_columns trx_addons_columns_wrap columns_padding_bottom columns_in_single_row\" ><div class=\"trx_addons_column-1_4 trx_addons_column-1_2-mobile\"><div class=\"sc_icons_item\"><div class=\"sc_icons_icon sc_icon_type_ icon-r-towel\" style=\"color: #366893\" ><span class=\"sc_icon_type_ icon-r-towel\" style=\"color: #366893\"><\/span><\/div><div class=\"sc_icons_item_details\"><h4 class=\"sc_icons_item_title\"><span>Balne\u00e1rios e Cacifos<\/span><\/h4><div class=\"sc_icons_item_description\"><span>Temos confort\u00e1veis balne\u00e1rios e zona de cacifos.<\/span><\/div><\/div><\/div><\/div><div class=\"trx_addons_column-1_4 trx_addons_column-1_2-mobile\"><div class=\"sc_icons_item\"><div class=\"sc_icons_icon sc_icon_type_ icon-r-sport-bag\" style=\"color: #366893\" ><span class=\"sc_icon_type_ icon-r-sport-bag\" style=\"color: #366893\"><\/span><\/div><div class=\"sc_icons_item_details\"><h4 class=\"sc_icons_item_title\"><span>Descontos Premium<\/span><\/h4><div class=\"sc_icons_item_description\"><span>Descontos em produtos de padel que representamos.<\/span><\/div><\/div><\/div><\/div><div class=\"trx_addons_column-1_4 trx_addons_column-1_2-mobile\"><div class=\"sc_icons_item\"><div class=\"sc_icons_icon sc_icon_type_ icon-r-wifi\" style=\"color: #366893\" ><span class=\"sc_icon_type_ icon-r-wifi\" style=\"color: #366893\"><\/span><\/div><div class=\"sc_icons_item_details\"><h4 class=\"sc_icons_item_title\"><span>Internet r\u00e1pida<\/span><\/h4><div class=\"sc_icons_item_description\"><span>Wi-Fi gr\u00e1tis em qualquer zona do clube.<\/span><\/div><\/div><\/div><\/div><div class=\"trx_addons_column-1_4 trx_addons_column-1_2-mobile\"><div class=\"sc_icons_item\"><div class=\"sc_icons_icon sc_icon_type_ icon-r-parking\" style=\"color: #366893\" ><span class=\"sc_icon_type_ icon-r-parking\" style=\"color: #366893\"><\/span><\/div><div class=\"sc_icons_item_details\"><h4 class=\"sc_icons_item_title\"><span>Parqueamento gr\u00e1tis<\/span><\/h4><div class=\"sc_icons_item_description\"><span>Estacione o seu carro gratuitamente.<\/span><\/div><\/div><\/div><\/div><\/div><\/div><!-- \/.sc_icons -->\t\t<\/div>\n\t\t\t\t<\/div>\n\t\t\t\t\t<\/div>\n\t\t<\/div>\n\t\t\t\t\t\t\t<\/div>\n\t\t<\/section>\n\t\t\t\t<section class=\"elementor-section elementor-top-section elementor-element elementor-element-1850166 elementor-section-boxed elementor-section-height-default elementor-section-height-default sc_fly_static\" data-id=\"1850166\" data-element_type=\"section\">\n\t\t\t\t\t\t<div class=\"elementor-container elementor-column-gap-no\">\n\t\t\t\t\t<div class=\"elementor-column elementor-col-100 elementor-top-column elementor-element elementor-element-a4e88ee sc_inner_width_none sc_content_align_inherit sc_layouts_column_icons_position_left sc_fly_static\" data-id=\"a4e88ee\" data-element_type=\"column\">\n\t\t\t<div class=\"elementor-widget-wrap elementor-element-populated\">\n\t\t\t\t\t\t\t\t<div class=\"elementor-element elementor-element-d679f2d sc_height_huge sc_fly_static elementor-widget elementor-widget-spacer\" data-id=\"d679f2d\" data-element_type=\"widget\" data-widget_type=\"spacer.default\">\n\t\t\t\t<div class=\"elementor-widget-container\">\n\t\t\t\t\t<div class=\"elementor-spacer\">\n\t\t\t<div class=\"elementor-spacer-inner\"><\/div>\n\t\t<\/div>\n\t\t\t\t<\/div>\n\t\t\t\t<\/div>\n\t\t\t\t<div class=\"elementor-element elementor-element-79090bd sc_fly_static elementor-widget elementor-widget-heading\" data-id=\"79090bd\" data-element_type=\"widget\" data-widget_type=\"heading.default\">\n\t\t\t\t<div class=\"elementor-widget-container\">\n\t\t\t<h2 class=\"elementor-heading-title elementor-size-default\">Adicione aqui o texto do seu t\u00edtulo<\/h2>\t\t<\/div>\n\t\t\t\t<\/div>\n\t\t\t\t<div class=\"elementor-element elementor-element-9e98877 sc_fly_static elementor-widget elementor-widget-trx_sc_extended_products\" data-id=\"9e98877\" data-element_type=\"widget\" data-widget_type=\"trx_sc_extended_products.default\">\n\t\t\t\t<div class=\"elementor-widget-container\">\n\t\t\t<div  \n\tclass=\"sc_extended_products sc_extended_products_info\" ><div class=\"sc_extended_products_content sc_item_content\" ><div class=\"woocommerce columns-1\"><ul class=\"products products_style_info columns-1\">\n<li class=\"product type-product post-25743 status-publish first instock product_cat-registo-de-socios has-post-thumbnail sold-individually shipping-taxable purchasable product-type-variable product_style_info\">\r\n\t\t\t<div class=\"post_item post_layout_thumbs\"\n\t\t\t\t\t>\n\t\t\t<div class=\"post_featured hover_shop\">\n\t\t\t\t\t\t\t\t<a href=\"https:\/\/monsarazpadelclub.pt\/en\/product\/registo-de-socio\/\">\n\t\t\t\t<img fetchpriority=\"high\" decoding=\"async\" width=\"840\" height=\"594\" src=\"https:\/\/monsarazpadelclub.pt\/wp-content\/uploads\/2024\/01\/rsocio-840x594.jpg\" class=\"attachment-racquet-thumb-masonry-big size-racquet-thumb-masonry-big\" alt=\"\" srcset=\"https:\/\/monsarazpadelclub.pt\/wp-content\/uploads\/2024\/01\/rsocio-840x594.jpg 840w, https:\/\/monsarazpadelclub.pt\/wp-content\/uploads\/2024\/01\/rsocio-300x212.jpg 300w, https:\/\/monsarazpadelclub.pt\/wp-content\/uploads\/2024\/01\/rsocio-1024x724.jpg 1024w, https:\/\/monsarazpadelclub.pt\/wp-content\/uploads\/2024\/01\/rsocio-768x543.jpg 768w, https:\/\/monsarazpadelclub.pt\/wp-content\/uploads\/2024\/01\/rsocio-1536x1086.jpg 1536w, https:\/\/monsarazpadelclub.pt\/wp-content\/uploads\/2024\/01\/rsocio-2048x1448.jpg 2048w, https:\/\/monsarazpadelclub.pt\/wp-content\/uploads\/2024\/01\/rsocio-370x262.jpg 370w, https:\/\/monsarazpadelclub.pt\/wp-content\/uploads\/2024\/01\/rsocio-410x290.jpg 410w, https:\/\/monsarazpadelclub.pt\/wp-content\/uploads\/2024\/01\/rsocio-600x424.jpg 600w\" sizes=\"(max-width: 840px) 100vw, 840px\" \/>\t\t\t\t<\/a>\n\t\t\t\t\t\t\t\t\t<div class=\"mask\"><\/div>\n\t\t\t\t\t\t\t\t<div class=\"icons\">\r\n\t\t\t\t<div class=\"tinv-wraper woocommerce tinv-wishlist tinvwl-shortcode-add-to-cart tinvwl-loop-button-wrapper tinvwl-woocommerce_before_shop_loop_item_title\"\n\t data-tinvwl_product_id=\"25743\">\n\t<div class=\"tinv-wishlist-clear\"><\/div><a role=\"button\" tabindex=\"0\" name=\"add-to-wishlist\" aria-label=\"Add to Wishlist\" class=\"tinvwl_add_to_wishlist_button tinvwl-icon-heart  tinvwl-position-shortcode tinvwl-loop\" data-tinv-wl-list=\"[]\" data-tinv-wl-product=\"25743\" data-tinv-wl-productvariation=\"0\" data-tinv-wl-productvariations=\"[0]\" data-tinv-wl-producttype=\"variable\" data-tinv-wl-action=\"add\"><span class=\"tinvwl_add_to_wishlist-text\">Add to Wishlist<\/span><span class=\"tinvwl_remove_from_wishlist-text\">Remove from Wishlist<\/span><\/a><div class=\"tinv-wishlist-clear\"><\/div>\t\t<div\n\t\tclass=\"tinvwl-tooltip\">Add to Wishlist<\/div>\n<\/div>\n<a rel=\"nofollow\" href=\"https:\/\/monsarazpadelclub.pt\/en\/product\/registo-de-socio\/\" \r\n\t\t\t\t\t\t\t\t\t\t\t\t\t\taria-hidden=\"true\" \r\n\t\t\t\t\t\t\t\t\t\t\t\t\t\tdata-quantity=\"1\" \r\n\t\t\t\t\t\t\t\t\t\t\t\t\t\tdata-product_id=\"25743\"\r\n\t\t\t\t\t\t\t\t\t\t\t\t\t\tdata-product_sku=\"RS\"\r\n\t\t\t\t\t\t\t\t\t\t\t\t\t\tclass=\"shop_cart icon-shopping-cart button add_to_cart_button product_type_variable product_in_stock\"><span class=\"icon-anim\"><\/span><\/a>\t\t\t\t<a href=\"https:\/\/monsarazpadelclub.pt\/en\/product\/registo-de-socio\/\" aria-hidden=\"true\" class=\"shop_link\">\r\n\t\t\t\t\t<span class=\"icon-anim\"><\/span>\r\n\t\t\t\t<\/a>\r\n\t\t\t<\/div>\r\n\t\t\t\t\t\t<\/div>\n\t\t\t<div class=\"post_data\">\n\t\t\t\t<div class=\"post_data_inner\">\n\t\t\t\t\t<div class=\"post_header entry-header\">\n\t\t\t\t\t<h2 class=\"woocommerce-loop-product__title\"><a href=\"https:\/\/monsarazpadelclub.pt\/en\/product\/registo-de-socio\/\">REGISTO DE S\u00d3CIO<\/a><\/h2>\t\t\t<\/div>\n\t\t\n\t<span class=\"price\" data-no-translation=\"\" data-trp-gettext=\"\"><span class=\"woocommerce-Price-amount amount\"><bdi>50.00<span class=\"woocommerce-Price-currencySymbol\">&euro;<\/span><\/bdi><\/span> &ndash; <span class=\"woocommerce-Price-amount amount\"><bdi>150.00<span class=\"woocommerce-Price-currencySymbol\">&euro;<\/span><\/bdi><\/span><\/span>\n<a href=\"https:\/\/monsarazpadelclub.pt\/en\/product\/registo-de-socio\/\" data-quantity=\"1\" class=\"button product_type_variable add_to_cart_button\" data-product_id=\"25743\" data-product_sku=\"RS\" aria-label=\"Select options for \u201cREGISTO DE S\u00d3CIO\u201d\" aria-describedby=\"This product has multiple variants. The options may be chosen on the product page\" rel=\"nofollow\" data-no-translation-aria-label=\"\" data-no-translation-aria-describedby=\"\">Buy now<\/a>\t\t\t\t<\/div>\n\t\t\t<\/div>\n\t\t<\/div>\n\t\t<\/li>\r\n<\/ul>\n<\/div><\/div><\/div>\n\t\t<\/div>\n\t\t\t\t<\/div>\n\t\t\t\t<div class=\"elementor-element elementor-element-45f0f12 sc_height_huge sc_fly_static elementor-widget elementor-widget-spacer\" data-id=\"45f0f12\" data-element_type=\"widget\" data-widget_type=\"spacer.default\">\n\t\t\t\t<div class=\"elementor-widget-container\">\n\t\t\t\t\t<div class=\"elementor-spacer\">\n\t\t\t<div class=\"elementor-spacer-inner\"><\/div>\n\t\t<\/div>\n\t\t\t\t<\/div>\n\t\t\t\t<\/div>\n\t\t\t\t\t<\/div>\n\t\t<\/div>\n\t\t\t\t\t\t\t<\/div>\n\t\t<\/section>\n\t\t\t\t<section class=\"elementor-section elementor-top-section elementor-element elementor-element-7669c9f elementor-section-full_width elementor-section-content-middle elementor-section-height-default elementor-section-height-default sc_fly_static\" data-id=\"7669c9f\" data-element_type=\"section\">\n\t\t\t\t\t\t<div class=\"elementor-container elementor-column-gap-extended\">\n\t\t\t\t\t<div class=\"elementor-column elementor-col-100 elementor-top-column elementor-element elementor-element-346a97d sc_inner_width_none sc_content_align_inherit sc_layouts_column_icons_position_left sc_fly_static\" data-id=\"346a97d\" data-element_type=\"column\">\n\t\t\t<div class=\"elementor-widget-wrap elementor-element-populated\">\n\t\t\t\t\t\t\t\t<div class=\"elementor-element elementor-element-cd59af1 elementor-widget__width-auto sc_fly_static elementor-widget elementor-widget-trx_sc_title\" data-id=\"cd59af1\" data-element_type=\"widget\" data-widget_type=\"trx_sc_title.default\">\n\t\t\t\t<div class=\"elementor-widget-container\">\n\t\t\t<div\t\tclass=\"sc_title sc_title_default\" ><h1 class=\"sc_item_title sc_title_title sc_item_title_style_default sc_item_title_tag\"\n\t\t\t><span class=\"sc_item_title_text\">Make your<\/span><\/h1><\/div>\t\t<\/div>\n\t\t\t\t<\/div>\n\t\t\t\t<div data-parallax-params=\"{&quot;parallax&quot;:1,&quot;flow&quot;:&quot;default&quot;,&quot;crop&quot;:&quot;none&quot;,&quot;ease&quot;:&quot;power2&quot;,&quot;duration&quot;:2,&quot;delay&quot;:0,&quot;squeeze&quot;:2,&quot;text&quot;:&quot;words&quot;,&quot;text_separate&quot;:0,&quot;text_wrap&quot;:0,&quot;mouse&quot;:1,&quot;mouse_type&quot;:&quot;transform&quot;,&quot;mouse_tilt_amount&quot;:70,&quot;mouse_speed&quot;:15,&quot;mouse_z&quot;:&quot;&quot;,&quot;mouse_handler&quot;:&quot;row&quot;,&quot;range_start&quot;:0,&quot;range_end&quot;:40,&quot;sticky_offset&quot;:0,&quot;lag&quot;:0,&quot;x_start&quot;:0,&quot;x_start_unit&quot;:&quot;px&quot;,&quot;x_end&quot;:0,&quot;x_end_unit&quot;:&quot;px&quot;,&quot;y_start&quot;:0,&quot;y_start_unit&quot;:&quot;px&quot;,&quot;y_end&quot;:0,&quot;y_end_unit&quot;:&quot;px&quot;,&quot;scale_start&quot;:100,&quot;scale_end&quot;:100,&quot;rotate_start&quot;:0,&quot;rotate_end&quot;:0,&quot;opacity_start&quot;:1,&quot;opacity_end&quot;:1,&quot;crop_start&quot;:0,&quot;crop_end&quot;:100}\" class=\"elementor-element elementor-element-fae4fa0 elementor-widget__width-auto sc_parallax sc_parallax_mouse sc_parallax_type_transform elementor-widget-tablet__width-initial sc_layouts_hide_on_notebook sc_layouts_hide_on_tablet sc_layouts_hide_on_mobile sc_fly_static sc_parallax_default elementor-widget elementor-widget-image\" data-id=\"fae4fa0\" data-element_type=\"widget\" data-widget_type=\"image.default\">\n\t\t\t\t<div class=\"elementor-widget-container\">\n\t\t\t\t\t\t\t\t\t\t\t\t\t\t\t<img decoding=\"async\" src=\"https:\/\/monsarazpadelclub.pt\/wp-content\/uploads\/elementor\/thumbs\/new-ball-copyright-qif55emoobpx3jsyiix7obpu0v7bc2mqiqbemtcldq.png\" title=\"new-ball-copyright\" alt=\"new-ball-copyright\" loading=\"lazy\" \/>\t\t\t\t\t\t\t\t\t\t\t\t\t\t\t<\/div>\n\t\t\t\t<\/div>\n\t\t\t\t<div data-parallax-params=\"{&quot;parallax&quot;:1,&quot;flow&quot;:&quot;default&quot;,&quot;crop&quot;:&quot;none&quot;,&quot;ease&quot;:&quot;power2&quot;,&quot;duration&quot;:2,&quot;delay&quot;:0,&quot;squeeze&quot;:2,&quot;text&quot;:&quot;words&quot;,&quot;text_separate&quot;:0,&quot;text_wrap&quot;:0,&quot;mouse&quot;:1,&quot;mouse_type&quot;:&quot;transform&quot;,&quot;mouse_tilt_amount&quot;:70,&quot;mouse_speed&quot;:5,&quot;mouse_z&quot;:&quot;&quot;,&quot;mouse_handler&quot;:&quot;row&quot;,&quot;range_start&quot;:0,&quot;range_end&quot;:40,&quot;sticky_offset&quot;:0,&quot;lag&quot;:0,&quot;x_start&quot;:0,&quot;x_start_unit&quot;:&quot;px&quot;,&quot;x_end&quot;:0,&quot;x_end_unit&quot;:&quot;px&quot;,&quot;y_start&quot;:0,&quot;y_start_unit&quot;:&quot;px&quot;,&quot;y_end&quot;:0,&quot;y_end_unit&quot;:&quot;px&quot;,&quot;scale_start&quot;:100,&quot;scale_end&quot;:100,&quot;rotate_start&quot;:0,&quot;rotate_end&quot;:0,&quot;opacity_start&quot;:1,&quot;opacity_end&quot;:1,&quot;crop_start&quot;:0,&quot;crop_end&quot;:100}\" class=\"elementor-element elementor-element-e79b81a elementor-widget__width-auto sc_parallax sc_parallax_mouse sc_parallax_type_transform elementor-widget-tablet__width-initial sc_layouts_hide_on_wide sc_layouts_hide_on_desktop sc_fly_static sc_parallax_default elementor-widget elementor-widget-image\" data-id=\"e79b81a\" data-element_type=\"widget\" data-widget_type=\"image.default\">\n\t\t\t\t<div class=\"elementor-widget-container\">\n\t\t\t\t\t\t\t\t\t\t\t\t\t\t\t<img decoding=\"async\" src=\"https:\/\/monsarazpadelclub.pt\/wp-content\/uploads\/elementor\/thumbs\/new-ball-copyright-qif55emo12yly0a2vi2ak04p9vkjufxelohgrve9kc.png\" title=\"new-ball-copyright\" alt=\"new-ball-copyright\" loading=\"lazy\" \/>\t\t\t\t\t\t\t\t\t\t\t\t\t\t\t<\/div>\n\t\t\t\t<\/div>\n\t\t\t\t<div class=\"elementor-element elementor-element-3f5f7c4 elementor-widget__width-auto sc_fly_static elementor-widget elementor-widget-trx_sc_title\" data-id=\"3f5f7c4\" data-element_type=\"widget\" data-widget_type=\"trx_sc_title.default\">\n\t\t\t\t<div class=\"elementor-widget-container\">\n\t\t\t<div\t\tclass=\"sc_title sc_title_default\" ><h1 class=\"sc_item_title sc_title_title sc_item_title_style_default sc_item_title_tag\"\n\t\t\t><span class=\"sc_item_title_text\">game<\/span><\/h1><\/div>\t\t<\/div>\n\t\t\t\t<\/div>\n\t\t\t\t\t<\/div>\n\t\t<\/div>\n\t\t\t\t\t\t\t<\/div>\n\t\t<\/section>\n\t\t\t\t\t\t\t<\/div>","protected":false},"excerpt":{"rendered":"<p>DESCUBRA AS VANTAGENS DE SER NOSSO S\u00d3CIO Descubra o privil\u00e9gio de se tornar membro do Monsaraz Padel Club! Beneficie de vantagens exclusivas, como descontos em reservas, acesso priorit\u00e1rio a eventos&hellip;<\/p>","protected":false},"author":1,"featured_media":0,"parent":0,"menu_order":0,"comment_status":"closed","ping_status":"closed","template":"","meta":{"footnotes":""},"class_list":["post-18202","page","type-page","status-publish","hentry"],"_links":{"self":[{"href":"https:\/\/monsarazpadelclub.pt\/en\/wp-json\/wp\/v2\/pages\/18202","targetHints":{"allow":["GET"]}}],"collection":[{"href":"https:\/\/monsarazpadelclub.pt\/en\/wp-json\/wp\/v2\/pages"}],"about":[{"href":"https:\/\/monsarazpadelclub.pt\/en\/wp-json\/wp\/v2\/types\/page"}],"author":[{"embeddable":true,"href":"https:\/\/monsarazpadelclub.pt\/en\/wp-json\/wp\/v2\/users\/1"}],"replies":[{"embeddable":true,"href":"https:\/\/monsarazpadelclub.pt\/en\/wp-json\/wp\/v2\/comments?post=18202"}],"version-history":[{"count":6,"href":"https:\/\/monsarazpadelclub.pt\/en\/wp-json\/wp\/v2\/pages\/18202\/revisions"}],"predecessor-version":[{"id":25752,"href":"https:\/\/monsarazpadelclub.pt\/en\/wp-json\/wp\/v2\/pages\/18202\/revisions\/25752"}],"wp:attachment":[{"href":"https:\/\/monsarazpadelclub.pt\/en\/wp-json\/wp\/v2\/media?parent=18202"}],"curies":[{"name":"wp","href":"https:\/\/api.w.org\/{rel}","templated":true}]}}