{"id":26009,"date":"2024-05-21T09:49:30","date_gmt":"2024-05-21T09:49:30","guid":{"rendered":"https:\/\/monsarazpadelclub.pt\/?page_id=26009"},"modified":"2024-05-21T09:55:33","modified_gmt":"2024-05-21T09:55:33","slug":"experiencias-2","status":"publish","type":"page","link":"https:\/\/monsarazpadelclub.pt\/en\/experiencias-2\/","title":{"rendered":"ExpERI\u00eaN\u00c7IAS"},"content":{"rendered":"<div data-elementor-type=\"wp-page\" data-elementor-id=\"26009\" class=\"elementor elementor-26009\">\n\t\t\t\t\t\t\t\t\t<section class=\"elementor-section elementor-top-section elementor-element elementor-element-6b7f009 elementor-section-boxed elementor-section-height-default elementor-section-height-default sc_fly_static\" data-id=\"6b7f009\" data-element_type=\"section\">\n\t\t\t\t\t\t<div class=\"elementor-container elementor-column-gap-extended\">\n\t\t\t\t\t<div class=\"elementor-column elementor-col-100 elementor-top-column elementor-element elementor-element-fcd2da8 sc_inner_width_none sc_content_align_inherit sc_layouts_column_icons_position_left sc_fly_static\" data-id=\"fcd2da8\" data-element_type=\"column\">\n\t\t\t<div class=\"elementor-widget-wrap elementor-element-populated\">\n\t\t\t\t\t\t\t\t<div class=\"elementor-element elementor-element-8fd6b7d sc_fly_static elementor-widget elementor-widget-heading\" data-id=\"8fd6b7d\" data-element_type=\"widget\" data-widget_type=\"heading.default\">\n\t\t\t\t<div class=\"elementor-widget-container\">\n\t\t\t<h2 class=\"elementor-heading-title elementor-size-default\">MPC Experiences<\/h2>\t\t<\/div>\n\t\t\t\t<\/div>\n\t\t\t\t\t<\/div>\n\t\t<\/div>\n\t\t\t\t\t\t\t<\/div>\n\t\t<\/section>\n\t\t\t\t<section class=\"elementor-section elementor-top-section elementor-element elementor-element-53d9c11 elementor-section-boxed elementor-section-height-default elementor-section-height-default sc_fly_static\" data-id=\"53d9c11\" data-element_type=\"section\">\n\t\t\t\t\t\t<div class=\"elementor-container elementor-column-gap-extended\">\n\t\t\t\t\t<div class=\"elementor-column elementor-col-100 elementor-top-column elementor-element elementor-element-caf25f5 sc_inner_width_none sc_content_align_inherit sc_layouts_column_icons_position_left sc_fly_static\" data-id=\"caf25f5\" data-element_type=\"column\">\n\t\t\t<div class=\"elementor-widget-wrap elementor-element-populated\">\n\t\t\t\t\t\t\t\t<div class=\"elementor-element elementor-element-c01f976 sc_fly_static elementor-widget elementor-widget-text-editor\" data-id=\"c01f976\" data-element_type=\"widget\" data-widget_type=\"text-editor.default\">\n\t\t\t\t<div class=\"elementor-widget-container\">\n\t\t\t\t\t\t\t<p><br \/>No Monsaraz Padel Club, al\u00e9m das nossas instala\u00e7\u00f5es de excel\u00eancia para a pr\u00e1tica do padel, oferecemos aos nossos clientes uma variedade de experi\u00eancias tur\u00edsticas exclusivas. Explore a riqueza cultural e natural do Alentejo atrav\u00e9s das atividades \u00fanicas que organizamos, proporcionando momentos inesquec\u00edveis que combinam desporto e lazer. Descubra como podemos enriquecer a sua visita com experi\u00eancias que celebram o melhor da nossa regi\u00e3o.<\/p><div>\u00a0<\/div><div>Para mais informa\u00e7\u00f5es contacte-nos atrav\u00e9s do email\u00a0<a href=\"mailto:experiences@monsarazpadelclub.pt\" target=\"_blank\" rel=\"noopener\">experiences@monsarazpadelclub.<wbr \/>pt<\/a><\/div>\t\t\t\t\t\t<\/div>\n\t\t\t\t<\/div>\n\t\t\t\t\t<\/div>\n\t\t<\/div>\n\t\t\t\t\t\t\t<\/div>\n\t\t<\/section>\n\t\t\t\t<section class=\"elementor-section elementor-top-section elementor-element elementor-element-1a76fa7 elementor-section-boxed elementor-section-height-default elementor-section-height-default sc_fly_static\" data-id=\"1a76fa7\" data-element_type=\"section\">\n\t\t\t\t\t\t<div class=\"elementor-container elementor-column-gap-extended\">\n\t\t\t\t\t<div class=\"elementor-column elementor-col-100 elementor-top-column elementor-element elementor-element-9807375 sc_inner_width_none sc_content_align_inherit sc_layouts_column_icons_position_left sc_fly_static\" data-id=\"9807375\" data-element_type=\"column\">\n\t\t\t<div class=\"elementor-widget-wrap\">\n\t\t\t\t\t\t\t\t\t<\/div>\n\t\t<\/div>\n\t\t\t\t\t\t\t<\/div>\n\t\t<\/section>\n\t\t\t\t\t\t\t<\/div>","protected":false},"excerpt":{"rendered":"<p>MPC Experiences No Monsaraz Padel Club, al\u00e9m das nossas instala\u00e7\u00f5es de excel\u00eancia para a pr\u00e1tica do padel, oferecemos aos nossos clientes uma variedade de experi\u00eancias tur\u00edsticas exclusivas. Explore a riqueza&hellip;<\/p>","protected":false},"author":1,"featured_media":0,"parent":0,"menu_order":0,"comment_status":"closed","ping_status":"closed","template":"","meta":{"footnotes":""},"class_list":["post-26009","page","type-page","status-publish","hentry"],"_links":{"self":[{"href":"https:\/\/monsarazpadelclub.pt\/en\/wp-json\/wp\/v2\/pages\/26009","targetHints":{"allow":["GET"]}}],"collection":[{"href":"https:\/\/monsarazpadelclub.pt\/en\/wp-json\/wp\/v2\/pages"}],"about":[{"href":"https:\/\/monsarazpadelclub.pt\/en\/wp-json\/wp\/v2\/types\/page"}],"author":[{"embeddable":true,"href":"https:\/\/monsarazpadelclub.pt\/en\/wp-json\/wp\/v2\/users\/1"}],"replies":[{"embeddable":true,"href":"https:\/\/monsarazpadelclub.pt\/en\/wp-json\/wp\/v2\/comments?post=26009"}],"version-history":[{"count":4,"href":"https:\/\/monsarazpadelclub.pt\/en\/wp-json\/wp\/v2\/pages\/26009\/revisions"}],"predecessor-version":[{"id":26014,"href":"https:\/\/monsarazpadelclub.pt\/en\/wp-json\/wp\/v2\/pages\/26009\/revisions\/26014"}],"wp:attachment":[{"href":"https:\/\/monsarazpadelclub.pt\/en\/wp-json\/wp\/v2\/media?parent=26009"}],"curies":[{"name":"wp","href":"https:\/\/api.w.org\/{rel}","templated":true}]}}