{"id":25824,"date":"2024-01-21T19:32:22","date_gmt":"2024-01-21T19:32:22","guid":{"rendered":"https:\/\/monsarazpadelclub.pt\/?post_type=product&#038;p=25824"},"modified":"2024-06-07T14:10:03","modified_gmt":"2024-06-07T14:10:03","slug":"academia-aulas-de-padel-socios","status":"publish","type":"product","link":"https:\/\/monsarazpadelclub.pt\/en\/product\/academia-aulas-de-padel-socios\/","title":{"rendered":"Academia &#8211; Aulas de Padel (S\u00f3cios)"},"content":{"rendered":"<p>As nossas aulas s\u00e3o projetadas para atender \u00e0s necessidades de iniciantes, interm\u00e9dios e jogadores avan\u00e7ados. Profissionais dedicados e experientes guiar\u00e3o os participantes, focando n\u00e3o apenas no desenvolvimento das habilidades t\u00e9cnicas, mas tamb\u00e9m na paix\u00e3o e divers\u00e3o associadas ao padel.<\/p>\n<p>Para tornar a experi\u00eancia acess\u00edvel a todos, oferecemos hor\u00e1rios flex\u00edveis ao longo da semana e ao fim de semana, adaptando-nos aos ritmos de vida variados. Quer seja um novato ansioso para aprender ou um jogador experiente buscando aprimorar as suas habilidades, a nossa academia \u00e9 o local ideal para se envolver no padel de uma forma inclusiva e entusiasmante.<\/p>\n<p>Valores exclusivos para s\u00f3cios.<\/p>","protected":false},"excerpt":{"rendered":"<p>Independentemente do n\u00edvel de experi\u00eancia ou idade, a mergulhar no emocionante mundo do padel. Com aulas semanais e ao fim de semana, proporcionamos oportunidades flex\u00edveis para que todos possam desfrutar deste desporto cativante.<br \/>\n<strong>Hor\u00e1rio semana:<\/strong> 7h-14h \/ 22h-23h30<br \/>\nValor Mensal \/\u00a0 IVA 23% inc.<\/p>","protected":false},"featured_media":25867,"comment_status":"open","ping_status":"closed","template":"","meta":[],"product_cat":[243],"product_tag":[],"class_list":{"0":"post-25824","1":"product","2":"type-product","3":"status-publish","4":"has-post-thumbnail","6":"product_cat-academia","7":"wcpa_has_options","9":"first","10":"instock","11":"shipping-taxable","12":"purchasable","13":"product-type-variable"},"_links":{"self":[{"href":"https:\/\/monsarazpadelclub.pt\/en\/wp-json\/wp\/v2\/product\/25824","targetHints":{"allow":["GET"]}}],"collection":[{"href":"https:\/\/monsarazpadelclub.pt\/en\/wp-json\/wp\/v2\/product"}],"about":[{"href":"https:\/\/monsarazpadelclub.pt\/en\/wp-json\/wp\/v2\/types\/product"}],"replies":[{"embeddable":true,"href":"https:\/\/monsarazpadelclub.pt\/en\/wp-json\/wp\/v2\/comments?post=25824"}],"wp:featuredmedia":[{"embeddable":true,"href":"https:\/\/monsarazpadelclub.pt\/en\/wp-json\/wp\/v2\/media\/25867"}],"wp:attachment":[{"href":"https:\/\/monsarazpadelclub.pt\/en\/wp-json\/wp\/v2\/media?parent=25824"}],"wp:term":[{"taxonomy":"product_cat","embeddable":true,"href":"https:\/\/monsarazpadelclub.pt\/en\/wp-json\/wp\/v2\/product_cat?post=25824"},{"taxonomy":"product_tag","embeddable":true,"href":"https:\/\/monsarazpadelclub.pt\/en\/wp-json\/wp\/v2\/product_tag?post=25824"}],"curies":[{"name":"wp","href":"https:\/\/api.w.org\/{rel}","templated":true}]}}